{"id":2590,"date":"2021-12-29T13:29:27","date_gmt":"2021-12-29T12:29:27","guid":{"rendered":"https:\/\/kapero.com\/about\/"},"modified":"2026-03-31T14:23:13","modified_gmt":"2026-03-31T12:23:13","slug":"om-oss","status":"publish","type":"page","link":"https:\/\/kapero.com\/sv\/om-oss\/","title":{"rendered":"Om oss"},"content":{"rendered":"","protected":false},"excerpt":{"rendered":"","protected":false},"author":6,"featured_media":0,"parent":0,"menu_order":0,"comment_status":"closed","ping_status":"closed","template":"","meta":{"_acf_changed":false,"inline_featured_image":false,"footnotes":""},"class_list":["post-2590","page","type-page","status-publish","hentry"],"acf":[],"yoast_head":"<!-- This site is optimized with the Yoast SEO Premium plugin v27.1 (Yoast SEO v27.1.1) - https:\/\/yoast.com\/product\/yoast-seo-premium-wordpress\/ -->\n<title>Om oss - Kapero<\/title>\n<meta name=\"description\" content=\"Vi \u00e4r managementkonsulter som inte alls liknar vanliga managementkonsulter. Vi str\u00e4var efter att \u00e4ven fungera som r\u00e5dgivare.\" \/>\n<meta name=\"robots\" content=\"index, follow, max-snippet:-1, max-image-preview:large, max-video-preview:-1\" \/>\n<link rel=\"canonical\" href=\"https:\/\/kapero.com\/sv\/om-oss\/\" \/>\n<meta property=\"og:locale\" content=\"sv_SE\" \/>\n<meta property=\"og:type\" content=\"article\" \/>\n<meta property=\"og:title\" content=\"Om oss\" \/>\n<meta property=\"og:description\" content=\"Vi \u00e4r managementkonsulter som inte alls liknar vanliga managementkonsulter. Vi str\u00e4var efter att \u00e4ven fungera som r\u00e5dgivare.\" \/>\n<meta property=\"og:url\" content=\"https:\/\/kapero.com\/sv\/om-oss\/\" \/>\n<meta property=\"og:site_name\" content=\"Kapero\" \/>\n<meta property=\"article:modified_time\" content=\"2026-03-31T12:23:13+00:00\" \/>\n<meta property=\"og:image\" content=\"https:\/\/kapero.com\/wp-content\/uploads\/2021\/11\/hero_static-1.jpg\" \/>\n\t<meta property=\"og:image:width\" content=\"2500\" \/>\n\t<meta property=\"og:image:height\" content=\"1081\" \/>\n\t<meta property=\"og:image:type\" content=\"image\/jpeg\" \/>\n<meta name=\"twitter:card\" content=\"summary_large_image\" \/>\n<script type=\"application\/ld+json\" class=\"yoast-schema-graph\">{\"@context\":\"https:\/\/schema.org\",\"@graph\":[{\"@type\":\"WebPage\",\"@id\":\"https:\/\/kapero.com\/sv\/om-oss\/\",\"url\":\"https:\/\/kapero.com\/sv\/om-oss\/\",\"name\":\"Om oss - Kapero\",\"isPartOf\":{\"@id\":\"https:\/\/kapero.com\/sv\/#website\"},\"datePublished\":\"2021-12-29T12:29:27+00:00\",\"dateModified\":\"2026-03-31T12:23:13+00:00\",\"description\":\"Vi \u00e4r managementkonsulter som inte alls liknar vanliga managementkonsulter. Vi str\u00e4var efter att \u00e4ven fungera som r\u00e5dgivare.\",\"breadcrumb\":{\"@id\":\"https:\/\/kapero.com\/sv\/om-oss\/#breadcrumb\"},\"inLanguage\":\"sv-SE\",\"potentialAction\":[{\"@type\":\"ReadAction\",\"target\":[\"https:\/\/kapero.com\/sv\/om-oss\/\"]}]},{\"@type\":\"BreadcrumbList\",\"@id\":\"https:\/\/kapero.com\/sv\/om-oss\/#breadcrumb\",\"itemListElement\":[{\"@type\":\"ListItem\",\"position\":1,\"name\":\"Home\",\"item\":\"https:\/\/kapero.com\/sv\/\"},{\"@type\":\"ListItem\",\"position\":2,\"name\":\"Om oss\"}]},{\"@type\":\"WebSite\",\"@id\":\"https:\/\/kapero.com\/sv\/#website\",\"url\":\"https:\/\/kapero.com\/sv\/\",\"name\":\"Kapero\",\"description\":\"Business creatives with an engineering mindset at heart\",\"publisher\":{\"@id\":\"https:\/\/kapero.com\/sv\/#organization\"},\"potentialAction\":[{\"@type\":\"SearchAction\",\"target\":{\"@type\":\"EntryPoint\",\"urlTemplate\":\"https:\/\/kapero.com\/sv\/?s={search_term_string}\"},\"query-input\":{\"@type\":\"PropertyValueSpecification\",\"valueRequired\":true,\"valueName\":\"search_term_string\"}}],\"inLanguage\":\"sv-SE\"},{\"@type\":\"Organization\",\"@id\":\"https:\/\/kapero.com\/sv\/#organization\",\"name\":\"Kapero\",\"url\":\"https:\/\/kapero.com\/sv\/\",\"logo\":{\"@type\":\"ImageObject\",\"inLanguage\":\"sv-SE\",\"@id\":\"https:\/\/kapero.com\/sv\/#\/schema\/logo\/image\/\",\"url\":\"https:\/\/kapero.com\/wp-content\/uploads\/2022\/03\/logo.svg\",\"contentUrl\":\"https:\/\/kapero.com\/wp-content\/uploads\/2022\/03\/logo.svg\",\"width\":\"1024\",\"height\":\"1024\",\"caption\":\"Kapero\"},\"image\":{\"@id\":\"https:\/\/kapero.com\/sv\/#\/schema\/logo\/image\/\"},\"sameAs\":[\"https:\/\/www.linkedin.com\/company\/kapero\"]}]}<\/script>\n<!-- \/ Yoast SEO Premium plugin. -->","yoast_head_json":{"title":"Om oss - Kapero","description":"Vi \u00e4r managementkonsulter som inte alls liknar vanliga managementkonsulter. Vi str\u00e4var efter att \u00e4ven fungera som r\u00e5dgivare.","robots":{"index":"index","follow":"follow","max-snippet":"max-snippet:-1","max-image-preview":"max-image-preview:large","max-video-preview":"max-video-preview:-1"},"canonical":"https:\/\/kapero.com\/sv\/om-oss\/","og_locale":"sv_SE","og_type":"article","og_title":"Om oss","og_description":"Vi \u00e4r managementkonsulter som inte alls liknar vanliga managementkonsulter. Vi str\u00e4var efter att \u00e4ven fungera som r\u00e5dgivare.","og_url":"https:\/\/kapero.com\/sv\/om-oss\/","og_site_name":"Kapero","article_modified_time":"2026-03-31T12:23:13+00:00","og_image":[{"width":2500,"height":1081,"url":"https:\/\/kapero.com\/wp-content\/uploads\/2021\/11\/hero_static-1.jpg","type":"image\/jpeg"}],"twitter_card":"summary_large_image","schema":{"@context":"https:\/\/schema.org","@graph":[{"@type":"WebPage","@id":"https:\/\/kapero.com\/sv\/om-oss\/","url":"https:\/\/kapero.com\/sv\/om-oss\/","name":"Om oss - Kapero","isPartOf":{"@id":"https:\/\/kapero.com\/sv\/#website"},"datePublished":"2021-12-29T12:29:27+00:00","dateModified":"2026-03-31T12:23:13+00:00","description":"Vi \u00e4r managementkonsulter som inte alls liknar vanliga managementkonsulter. Vi str\u00e4var efter att \u00e4ven fungera som r\u00e5dgivare.","breadcrumb":{"@id":"https:\/\/kapero.com\/sv\/om-oss\/#breadcrumb"},"inLanguage":"sv-SE","potentialAction":[{"@type":"ReadAction","target":["https:\/\/kapero.com\/sv\/om-oss\/"]}]},{"@type":"BreadcrumbList","@id":"https:\/\/kapero.com\/sv\/om-oss\/#breadcrumb","itemListElement":[{"@type":"ListItem","position":1,"name":"Home","item":"https:\/\/kapero.com\/sv\/"},{"@type":"ListItem","position":2,"name":"Om oss"}]},{"@type":"WebSite","@id":"https:\/\/kapero.com\/sv\/#website","url":"https:\/\/kapero.com\/sv\/","name":"Kapero","description":"Business creatives with an engineering mindset at heart","publisher":{"@id":"https:\/\/kapero.com\/sv\/#organization"},"potentialAction":[{"@type":"SearchAction","target":{"@type":"EntryPoint","urlTemplate":"https:\/\/kapero.com\/sv\/?s={search_term_string}"},"query-input":{"@type":"PropertyValueSpecification","valueRequired":true,"valueName":"search_term_string"}}],"inLanguage":"sv-SE"},{"@type":"Organization","@id":"https:\/\/kapero.com\/sv\/#organization","name":"Kapero","url":"https:\/\/kapero.com\/sv\/","logo":{"@type":"ImageObject","inLanguage":"sv-SE","@id":"https:\/\/kapero.com\/sv\/#\/schema\/logo\/image\/","url":"https:\/\/kapero.com\/wp-content\/uploads\/2022\/03\/logo.svg","contentUrl":"https:\/\/kapero.com\/wp-content\/uploads\/2022\/03\/logo.svg","width":"1024","height":"1024","caption":"Kapero"},"image":{"@id":"https:\/\/kapero.com\/sv\/#\/schema\/logo\/image\/"},"sameAs":["https:\/\/www.linkedin.com\/company\/kapero"]}]}},"_links":{"self":[{"href":"https:\/\/kapero.com\/sv\/wp-json\/wp\/v2\/pages\/2590","targetHints":{"allow":["GET"]}}],"collection":[{"href":"https:\/\/kapero.com\/sv\/wp-json\/wp\/v2\/pages"}],"about":[{"href":"https:\/\/kapero.com\/sv\/wp-json\/wp\/v2\/types\/page"}],"author":[{"embeddable":true,"href":"https:\/\/kapero.com\/sv\/wp-json\/wp\/v2\/users\/6"}],"replies":[{"embeddable":true,"href":"https:\/\/kapero.com\/sv\/wp-json\/wp\/v2\/comments?post=2590"}],"version-history":[{"count":7,"href":"https:\/\/kapero.com\/sv\/wp-json\/wp\/v2\/pages\/2590\/revisions"}],"predecessor-version":[{"id":2682,"href":"https:\/\/kapero.com\/sv\/wp-json\/wp\/v2\/pages\/2590\/revisions\/2682"}],"wp:attachment":[{"href":"https:\/\/kapero.com\/sv\/wp-json\/wp\/v2\/media?parent=2590"}],"curies":[{"name":"wp","href":"https:\/\/api.w.org\/{rel}","templated":true}]}}